{"id":3012,"date":"2024-05-20T21:56:15","date_gmt":"2024-05-21T00:56:15","guid":{"rendered":"https:\/\/www.hidrauservice.com.br\/?post_type=product&#038;p=3012"},"modified":"2024-05-20T21:56:15","modified_gmt":"2024-05-21T00:56:15","slug":"flanges-entalhadas-1-1-4-14-estrias","status":"publish","type":"product","link":"https:\/\/www.hidrauservice.com.br\/index.php\/produto\/flanges-entalhadas-1-1-4-14-estrias\/","title":{"rendered":"Flanges entalhadas 1.1\/4&#8243;-14 estrias"},"content":{"rendered":"<table style=\"height: 172px;\" width=\"524\">\n<tbody>\n<tr>\n<td style=\"text-align: center;\" width=\"64\">REF.<\/td>\n<td style=\"text-align: center;\" width=\"64\">Descri\u00e7\u00e3o<\/td>\n<td style=\"text-align: center;\" width=\"64\">C\u00f3digo<\/td>\n<\/tr>\n<tr>\n<td style=\"text-align: center;\">52840400026A<\/td>\n<td style=\"text-align: center;\">Flange 100mm X 58mm<br \/>\nX 1.1\/4&#8243; &#8211; 14 estrias<\/td>\n<td style=\"text-align: center;\">6010700004<\/td>\n<\/tr>\n<\/tbody>\n<\/table>\n<p>&nbsp;<\/p>\n<table style=\"height: 171px;\" width=\"526\">\n<tbody>\n<tr>\n<td style=\"text-align: center;\" width=\"64\">REF.<\/td>\n<td style=\"text-align: center;\" width=\"64\">Descri\u00e7\u00e3o<\/td>\n<td style=\"text-align: center;\" width=\"64\">C\u00f3digo<\/td>\n<\/tr>\n<tr>\n<td style=\"text-align: center;\">52840400026<\/td>\n<td style=\"text-align: center;\">Flange 125mm X 42mm<br \/>\nX 1.1\/4&#8243; &#8211; 14 estrias<\/td>\n<td style=\"text-align: center;\">6010700029<\/td>\n<\/tr>\n<\/tbody>\n<\/table>\n","protected":false},"excerpt":{"rendered":"<p>REF. Descri\u00e7\u00e3o C\u00f3digo 52840400026A Flange 100mm X 58mm X 1.1\/4&#8243; &#8211; 14 estrias 6010700004 &nbsp; REF. Descri\u00e7\u00e3o C\u00f3digo 52840400026 Flange 125mm X 42mm X 1.1\/4&#8243; &#8211; 14 estrias 6010700029<\/p>\n","protected":false},"featured_media":3013,"comment_status":"open","ping_status":"closed","template":"","meta":[],"product_brand":[],"product_cat":[65,54],"product_tag":[],"class_list":{"0":"post-3012","1":"product","2":"type-product","3":"status-publish","4":"has-post-thumbnail","6":"product_cat-flanges","7":"product_cat-produtos","9":"first","10":"instock","11":"shipping-taxable","12":"product-type-simple"},"_links":{"self":[{"href":"https:\/\/www.hidrauservice.com.br\/index.php\/wp-json\/wp\/v2\/product\/3012","targetHints":{"allow":["GET"]}}],"collection":[{"href":"https:\/\/www.hidrauservice.com.br\/index.php\/wp-json\/wp\/v2\/product"}],"about":[{"href":"https:\/\/www.hidrauservice.com.br\/index.php\/wp-json\/wp\/v2\/types\/product"}],"replies":[{"embeddable":true,"href":"https:\/\/www.hidrauservice.com.br\/index.php\/wp-json\/wp\/v2\/comments?post=3012"}],"wp:featuredmedia":[{"embeddable":true,"href":"https:\/\/www.hidrauservice.com.br\/index.php\/wp-json\/wp\/v2\/media\/3013"}],"wp:attachment":[{"href":"https:\/\/www.hidrauservice.com.br\/index.php\/wp-json\/wp\/v2\/media?parent=3012"}],"wp:term":[{"taxonomy":"product_brand","embeddable":true,"href":"https:\/\/www.hidrauservice.com.br\/index.php\/wp-json\/wp\/v2\/product_brand?post=3012"},{"taxonomy":"product_cat","embeddable":true,"href":"https:\/\/www.hidrauservice.com.br\/index.php\/wp-json\/wp\/v2\/product_cat?post=3012"},{"taxonomy":"product_tag","embeddable":true,"href":"https:\/\/www.hidrauservice.com.br\/index.php\/wp-json\/wp\/v2\/product_tag?post=3012"}],"curies":[{"name":"wp","href":"https:\/\/api.w.org\/{rel}","templated":true}]}}