{"id":3010,"date":"2024-05-20T21:53:20","date_gmt":"2024-05-21T00:53:20","guid":{"rendered":"https:\/\/www.hidrauservice.com.br\/?post_type=product&#038;p=3010"},"modified":"2024-05-20T21:53:20","modified_gmt":"2024-05-21T00:53:20","slug":"flanges-entalhadas-1-1-8-8-estrias","status":"publish","type":"product","link":"https:\/\/www.hidrauservice.com.br\/index.php\/produto\/flanges-entalhadas-1-1-8-8-estrias\/","title":{"rendered":"Flanges entalhadas 1.1\/8&#8243;- 8 estrias"},"content":{"rendered":"<table style=\"height: 181px;\" width=\"529\">\n<tbody>\n<tr>\n<td style=\"text-align: center;\" width=\"64\">REF.<\/td>\n<td style=\"text-align: center;\" width=\"64\">Descri\u00e7\u00e3o<\/td>\n<td style=\"text-align: center;\" width=\"64\">C\u00f3digo<\/td>\n<\/tr>\n<tr>\n<td style=\"text-align: center;\">0503050003<\/td>\n<td style=\"text-align: center;\">Flange 136,2mm X 45mm<br \/>\nX 1.1\/8&#8243; &#8211; 8 estrias<\/td>\n<td style=\"text-align: center;\">6010700023<\/td>\n<\/tr>\n<\/tbody>\n<\/table>\n<p>&nbsp;<\/p>\n<table style=\"height: 183px;\" width=\"530\">\n<tbody>\n<tr>\n<td style=\"text-align: center;\" width=\"64\">REF.<\/td>\n<td style=\"text-align: center;\" width=\"64\">Descri\u00e7\u00e3o<\/td>\n<td style=\"text-align: center;\" width=\"64\">C\u00f3digo<\/td>\n<\/tr>\n<tr>\n<td style=\"text-align: center;\">0503050056<\/td>\n<td style=\"text-align: center;\">Flange 117,5mm X 45mm<br \/>\nX 1.1\/8&#8243; &#8211; 8 estrias<\/td>\n<td style=\"text-align: center;\">6010700002<\/td>\n<\/tr>\n<\/tbody>\n<\/table>\n","protected":false},"excerpt":{"rendered":"<p>REF. Descri\u00e7\u00e3o C\u00f3digo 0503050003 Flange 136,2mm X 45mm X 1.1\/8&#8243; &#8211; 8 estrias 6010700023 &nbsp; REF. Descri\u00e7\u00e3o C\u00f3digo 0503050056 Flange 117,5mm X 45mm X 1.1\/8&#8243; &#8211; 8 estrias 6010700002<\/p>\n","protected":false},"featured_media":3011,"comment_status":"open","ping_status":"closed","template":"","meta":[],"product_brand":[],"product_cat":[15],"product_tag":[],"class_list":{"0":"post-3010","1":"product","2":"type-product","3":"status-publish","4":"has-post-thumbnail","6":"product_cat-sem-categoria","8":"first","9":"instock","10":"shipping-taxable","11":"product-type-simple"},"_links":{"self":[{"href":"https:\/\/www.hidrauservice.com.br\/index.php\/wp-json\/wp\/v2\/product\/3010","targetHints":{"allow":["GET"]}}],"collection":[{"href":"https:\/\/www.hidrauservice.com.br\/index.php\/wp-json\/wp\/v2\/product"}],"about":[{"href":"https:\/\/www.hidrauservice.com.br\/index.php\/wp-json\/wp\/v2\/types\/product"}],"replies":[{"embeddable":true,"href":"https:\/\/www.hidrauservice.com.br\/index.php\/wp-json\/wp\/v2\/comments?post=3010"}],"wp:featuredmedia":[{"embeddable":true,"href":"https:\/\/www.hidrauservice.com.br\/index.php\/wp-json\/wp\/v2\/media\/3011"}],"wp:attachment":[{"href":"https:\/\/www.hidrauservice.com.br\/index.php\/wp-json\/wp\/v2\/media?parent=3010"}],"wp:term":[{"taxonomy":"product_brand","embeddable":true,"href":"https:\/\/www.hidrauservice.com.br\/index.php\/wp-json\/wp\/v2\/product_brand?post=3010"},{"taxonomy":"product_cat","embeddable":true,"href":"https:\/\/www.hidrauservice.com.br\/index.php\/wp-json\/wp\/v2\/product_cat?post=3010"},{"taxonomy":"product_tag","embeddable":true,"href":"https:\/\/www.hidrauservice.com.br\/index.php\/wp-json\/wp\/v2\/product_tag?post=3010"}],"curies":[{"name":"wp","href":"https:\/\/api.w.org\/{rel}","templated":true}]}}