{"id":3006,"date":"2024-05-20T21:49:41","date_gmt":"2024-05-21T00:49:41","guid":{"rendered":"https:\/\/www.hidrauservice.com.br\/?post_type=product&#038;p=3006"},"modified":"2024-05-20T21:49:41","modified_gmt":"2024-05-21T00:49:41","slug":"flanges-entalhadas-1-6-estrias","status":"publish","type":"product","link":"https:\/\/www.hidrauservice.com.br\/index.php\/produto\/flanges-entalhadas-1-6-estrias\/","title":{"rendered":"Flanges entalhadas 1&#8243;- 6 estrias"},"content":{"rendered":"<table style=\"height: 164px;\" width=\"503\">\n<tbody>\n<tr>\n<td style=\"text-align: center;\" width=\"64\">REF.<\/td>\n<td style=\"text-align: center;\" width=\"64\">Descri\u00e7\u00e3o<\/td>\n<td style=\"text-align: center;\" width=\"64\">C\u00f3digo<\/td>\n<\/tr>\n<tr>\n<td style=\"text-align: center;\">52840400069<br \/>\n52840400034<br \/>\nPDM051<\/td>\n<td style=\"text-align: center;\">Flange 136,2mm X 45mm<br \/>\nX 1&#8243; &#8211; 6estrias<\/td>\n<td style=\"text-align: center;\">6010700012<\/td>\n<\/tr>\n<\/tbody>\n<\/table>\n<p>&nbsp;<\/p>\n<table style=\"height: 164px;\" width=\"507\">\n<tbody>\n<tr>\n<td style=\"text-align: center;\" width=\"64\">REF.<\/td>\n<td style=\"text-align: center;\" width=\"64\">Descri\u00e7\u00e3o<\/td>\n<td style=\"text-align: center;\" width=\"64\">C\u00f3digo<\/td>\n<\/tr>\n<tr>\n<td style=\"text-align: center;\">52840400093<br \/>\n52840400042<br \/>\nPDV034<br \/>\n40020208<\/td>\n<td style=\"text-align: center;\">Flange 125mm X 42mm<br \/>\nX 1&#8243; &#8211; 6 estrias<\/td>\n<td style=\"text-align: center;\">6010700010<\/td>\n<\/tr>\n<\/tbody>\n<\/table>\n","protected":false},"excerpt":{"rendered":"<p>REF. Descri\u00e7\u00e3o C\u00f3digo 52840400069 52840400034 PDM051 Flange 136,2mm X 45mm X 1&#8243; &#8211; 6estrias 6010700012 &nbsp; REF. Descri\u00e7\u00e3o C\u00f3digo 52840400093 52840400042 PDV034 40020208 Flange 125mm X 42mm X 1&#8243; &#8211; 6 estrias 6010700010<\/p>\n","protected":false},"featured_media":3007,"comment_status":"open","ping_status":"closed","template":"","meta":[],"product_brand":[],"product_cat":[65,54],"product_tag":[],"class_list":{"0":"post-3006","1":"product","2":"type-product","3":"status-publish","4":"has-post-thumbnail","6":"product_cat-flanges","7":"product_cat-produtos","9":"first","10":"instock","11":"shipping-taxable","12":"product-type-simple"},"_links":{"self":[{"href":"https:\/\/www.hidrauservice.com.br\/index.php\/wp-json\/wp\/v2\/product\/3006","targetHints":{"allow":["GET"]}}],"collection":[{"href":"https:\/\/www.hidrauservice.com.br\/index.php\/wp-json\/wp\/v2\/product"}],"about":[{"href":"https:\/\/www.hidrauservice.com.br\/index.php\/wp-json\/wp\/v2\/types\/product"}],"replies":[{"embeddable":true,"href":"https:\/\/www.hidrauservice.com.br\/index.php\/wp-json\/wp\/v2\/comments?post=3006"}],"wp:featuredmedia":[{"embeddable":true,"href":"https:\/\/www.hidrauservice.com.br\/index.php\/wp-json\/wp\/v2\/media\/3007"}],"wp:attachment":[{"href":"https:\/\/www.hidrauservice.com.br\/index.php\/wp-json\/wp\/v2\/media?parent=3006"}],"wp:term":[{"taxonomy":"product_brand","embeddable":true,"href":"https:\/\/www.hidrauservice.com.br\/index.php\/wp-json\/wp\/v2\/product_brand?post=3006"},{"taxonomy":"product_cat","embeddable":true,"href":"https:\/\/www.hidrauservice.com.br\/index.php\/wp-json\/wp\/v2\/product_cat?post=3006"},{"taxonomy":"product_tag","embeddable":true,"href":"https:\/\/www.hidrauservice.com.br\/index.php\/wp-json\/wp\/v2\/product_tag?post=3006"}],"curies":[{"name":"wp","href":"https:\/\/api.w.org\/{rel}","templated":true}]}}