{"id":2984,"date":"2024-05-20T21:08:07","date_gmt":"2024-05-21T00:08:07","guid":{"rendered":"https:\/\/www.hidrauservice.com.br\/?post_type=product&#038;p=2984"},"modified":"2024-05-20T21:08:07","modified_gmt":"2024-05-21T00:08:07","slug":"mancal-alavanca-hidrover","status":"publish","type":"product","link":"https:\/\/www.hidrauservice.com.br\/index.php\/produto\/mancal-alavanca-hidrover\/","title":{"rendered":"Mancal alavanca Hidrover"},"content":{"rendered":"<table style=\"height: 253px;\" width=\"574\">\n<tbody>\n<tr>\n<td style=\"text-align: center;\" width=\"64\">REF.<\/td>\n<td style=\"text-align: center;\" width=\"64\">Descri\u00e7\u00e3o<\/td>\n<td style=\"text-align: center;\" width=\"64\">C\u00f3digo<\/td>\n<\/tr>\n<tr>\n<td style=\"text-align: center;\">001017<\/td>\n<td style=\"text-align: center;\">Mancal alavanca 3\/8&#8243; hidrover<br \/>\n(suporte fundido)<\/td>\n<td style=\"text-align: center;\">6021400004<\/td>\n<\/tr>\n<tr>\n<td style=\"text-align: center;\">001016<\/td>\n<td style=\"text-align: center;\">Mancal alavanca 1\/2&#8243; hidrover<br \/>\n(suporte fundido)<\/td>\n<td style=\"text-align: center;\">6021400003<\/td>\n<\/tr>\n<\/tbody>\n<\/table>\n","protected":false},"excerpt":{"rendered":"<p>REF. Descri\u00e7\u00e3o C\u00f3digo 001017 Mancal alavanca 3\/8&#8243; hidrover (suporte fundido) 6021400004 001016 Mancal alavanca 1\/2&#8243; hidrover (suporte fundido) 6021400003<\/p>\n","protected":false},"featured_media":2980,"comment_status":"open","ping_status":"closed","template":"","meta":[],"product_brand":[],"product_cat":[59,61,54],"product_tag":[],"class_list":{"0":"post-2984","1":"product","2":"type-product","3":"status-publish","4":"has-post-thumbnail","6":"product_cat-acessorios","7":"product_cat-sauerdanfoss","8":"product_cat-produtos","10":"first","11":"instock","12":"shipping-taxable","13":"product-type-simple"},"_links":{"self":[{"href":"https:\/\/www.hidrauservice.com.br\/index.php\/wp-json\/wp\/v2\/product\/2984","targetHints":{"allow":["GET"]}}],"collection":[{"href":"https:\/\/www.hidrauservice.com.br\/index.php\/wp-json\/wp\/v2\/product"}],"about":[{"href":"https:\/\/www.hidrauservice.com.br\/index.php\/wp-json\/wp\/v2\/types\/product"}],"replies":[{"embeddable":true,"href":"https:\/\/www.hidrauservice.com.br\/index.php\/wp-json\/wp\/v2\/comments?post=2984"}],"wp:featuredmedia":[{"embeddable":true,"href":"https:\/\/www.hidrauservice.com.br\/index.php\/wp-json\/wp\/v2\/media\/2980"}],"wp:attachment":[{"href":"https:\/\/www.hidrauservice.com.br\/index.php\/wp-json\/wp\/v2\/media?parent=2984"}],"wp:term":[{"taxonomy":"product_brand","embeddable":true,"href":"https:\/\/www.hidrauservice.com.br\/index.php\/wp-json\/wp\/v2\/product_brand?post=2984"},{"taxonomy":"product_cat","embeddable":true,"href":"https:\/\/www.hidrauservice.com.br\/index.php\/wp-json\/wp\/v2\/product_cat?post=2984"},{"taxonomy":"product_tag","embeddable":true,"href":"https:\/\/www.hidrauservice.com.br\/index.php\/wp-json\/wp\/v2\/product_tag?post=2984"}],"curies":[{"name":"wp","href":"https:\/\/api.w.org\/{rel}","templated":true}]}}