{"id":2983,"date":"2024-05-20T21:04:44","date_gmt":"2024-05-21T00:04:44","guid":{"rendered":"https:\/\/www.hidrauservice.com.br\/?post_type=product&#038;p=2983"},"modified":"2024-05-20T21:04:45","modified_gmt":"2024-05-21T00:04:45","slug":"fixador-mancal-fixador-extensao-hidrover","status":"publish","type":"product","link":"https:\/\/www.hidrauservice.com.br\/index.php\/produto\/fixador-mancal-fixador-extensao-hidrover\/","title":{"rendered":"Fixador mancal \/ fixador extens\u00e3o Hidrover"},"content":{"rendered":"<table style=\"height: 275px;\" width=\"716\">\n<tbody>\n<tr>\n<td style=\"text-align: center;\" width=\"64\">REF.<\/td>\n<td style=\"text-align: center;\" width=\"64\">Descri\u00e7\u00e3o<\/td>\n<td style=\"text-align: center;\" width=\"84\">C\u00f3digo<\/td>\n<\/tr>\n<tr>\n<td style=\"text-align: center;\">002554<\/td>\n<td style=\"text-align: center;\">Fixador extens\u00e3o 3\/8&#8243; hidrover<br \/>\n(rosca M-8)<\/td>\n<td style=\"text-align: center;\">6010600005<\/td>\n<\/tr>\n<tr>\n<td style=\"text-align: center;\">002572<\/td>\n<td style=\"text-align: center;\">Fixador extens\u00e3o 1\/2&#8243; Hidrover<br \/>\n(rosca m-10)<\/td>\n<td style=\"text-align: center;\">6010600003<\/td>\n<\/tr>\n<tr>\n<td style=\"text-align: center;\">002565<\/td>\n<td style=\"text-align: center;\">Fixador mancal 3\/8&#8243; hidrover<br \/>\n(rosca M-8)<\/td>\n<td style=\"text-align: center;\">6010600011<\/td>\n<\/tr>\n<tr>\n<td style=\"text-align: center;\">002590<\/td>\n<td style=\"text-align: center;\">Fixador mancal 1\/2&#8243; hidrover<br \/>\n(rosca M-8)<\/td>\n<td style=\"text-align: center;\">6010600009<\/td>\n<\/tr>\n<\/tbody>\n<\/table>\n","protected":false},"excerpt":{"rendered":"<p>REF. Descri\u00e7\u00e3o C\u00f3digo 002554 Fixador extens\u00e3o 3\/8&#8243; hidrover (rosca M-8) 6010600005 002572 Fixador extens\u00e3o 1\/2&#8243; Hidrover (rosca m-10) 6010600003 002565 Fixador mancal 3\/8&#8243; hidrover (rosca M-8) 6010600011 002590 Fixador mancal 1\/2&#8243; hidrover (rosca M-8) 6010600009<\/p>\n","protected":false},"featured_media":2978,"comment_status":"open","ping_status":"closed","template":"","meta":[],"product_brand":[],"product_cat":[59,61,54],"product_tag":[],"class_list":{"0":"post-2983","1":"product","2":"type-product","3":"status-publish","4":"has-post-thumbnail","6":"product_cat-acessorios","7":"product_cat-sauerdanfoss","8":"product_cat-produtos","10":"first","11":"instock","12":"shipping-taxable","13":"product-type-simple"},"_links":{"self":[{"href":"https:\/\/www.hidrauservice.com.br\/index.php\/wp-json\/wp\/v2\/product\/2983","targetHints":{"allow":["GET"]}}],"collection":[{"href":"https:\/\/www.hidrauservice.com.br\/index.php\/wp-json\/wp\/v2\/product"}],"about":[{"href":"https:\/\/www.hidrauservice.com.br\/index.php\/wp-json\/wp\/v2\/types\/product"}],"replies":[{"embeddable":true,"href":"https:\/\/www.hidrauservice.com.br\/index.php\/wp-json\/wp\/v2\/comments?post=2983"}],"wp:featuredmedia":[{"embeddable":true,"href":"https:\/\/www.hidrauservice.com.br\/index.php\/wp-json\/wp\/v2\/media\/2978"}],"wp:attachment":[{"href":"https:\/\/www.hidrauservice.com.br\/index.php\/wp-json\/wp\/v2\/media?parent=2983"}],"wp:term":[{"taxonomy":"product_brand","embeddable":true,"href":"https:\/\/www.hidrauservice.com.br\/index.php\/wp-json\/wp\/v2\/product_brand?post=2983"},{"taxonomy":"product_cat","embeddable":true,"href":"https:\/\/www.hidrauservice.com.br\/index.php\/wp-json\/wp\/v2\/product_cat?post=2983"},{"taxonomy":"product_tag","embeddable":true,"href":"https:\/\/www.hidrauservice.com.br\/index.php\/wp-json\/wp\/v2\/product_tag?post=2983"}],"curies":[{"name":"wp","href":"https:\/\/api.w.org\/{rel}","templated":true}]}}