{"id":2981,"date":"2024-05-20T20:56:19","date_gmt":"2024-05-20T23:56:19","guid":{"rendered":"https:\/\/www.hidrauservice.com.br\/?post_type=product&#038;p=2981"},"modified":"2024-05-20T20:59:19","modified_gmt":"2024-05-20T23:59:19","slug":"kit-alavanca-hidrover","status":"publish","type":"product","link":"https:\/\/www.hidrauservice.com.br\/index.php\/produto\/kit-alavanca-hidrover\/","title":{"rendered":"Kit alavanca Hidrover"},"content":{"rendered":"<table style=\"height: 279px;\" width=\"577\">\n<tbody>\n<tr>\n<td style=\"text-align: center;\" width=\"64\">REF.<\/td>\n<td style=\"text-align: center;\" width=\"64\">Descri\u00e7\u00e3o<\/td>\n<td style=\"text-align: center;\" width=\"64\">C\u00f3digo<\/td>\n<\/tr>\n<tr>\n<td style=\"text-align: center;\">001026<br \/>\n(CH100)<\/td>\n<td style=\"text-align: center;\">Kit alavanca 1\/2&#8243; hidrover<\/td>\n<td style=\"text-align: center;\">6010800004<\/td>\n<\/tr>\n<tr>\n<td style=\"text-align: center;\">001025<br \/>\n(CH60)<\/td>\n<td style=\"text-align: center;\">Kit alavanca 3\/8&#8243; hidrover<\/td>\n<td style=\"text-align: center;\">6010800002<\/td>\n<\/tr>\n<\/tbody>\n<\/table>\n","protected":false},"excerpt":{"rendered":"<p>REF. Descri\u00e7\u00e3o C\u00f3digo 001026 (CH100) Kit alavanca 1\/2&#8243; hidrover 6010800004 001025 (CH60) Kit alavanca 3\/8&#8243; hidrover 6010800002<\/p>\n","protected":false},"featured_media":2973,"comment_status":"open","ping_status":"closed","template":"","meta":[],"product_brand":[],"product_cat":[59,61,54],"product_tag":[],"class_list":{"0":"post-2981","1":"product","2":"type-product","3":"status-publish","4":"has-post-thumbnail","6":"product_cat-acessorios","7":"product_cat-sauerdanfoss","8":"product_cat-produtos","10":"first","11":"instock","12":"shipping-taxable","13":"product-type-simple"},"_links":{"self":[{"href":"https:\/\/www.hidrauservice.com.br\/index.php\/wp-json\/wp\/v2\/product\/2981","targetHints":{"allow":["GET"]}}],"collection":[{"href":"https:\/\/www.hidrauservice.com.br\/index.php\/wp-json\/wp\/v2\/product"}],"about":[{"href":"https:\/\/www.hidrauservice.com.br\/index.php\/wp-json\/wp\/v2\/types\/product"}],"replies":[{"embeddable":true,"href":"https:\/\/www.hidrauservice.com.br\/index.php\/wp-json\/wp\/v2\/comments?post=2981"}],"wp:featuredmedia":[{"embeddable":true,"href":"https:\/\/www.hidrauservice.com.br\/index.php\/wp-json\/wp\/v2\/media\/2973"}],"wp:attachment":[{"href":"https:\/\/www.hidrauservice.com.br\/index.php\/wp-json\/wp\/v2\/media?parent=2981"}],"wp:term":[{"taxonomy":"product_brand","embeddable":true,"href":"https:\/\/www.hidrauservice.com.br\/index.php\/wp-json\/wp\/v2\/product_brand?post=2981"},{"taxonomy":"product_cat","embeddable":true,"href":"https:\/\/www.hidrauservice.com.br\/index.php\/wp-json\/wp\/v2\/product_cat?post=2981"},{"taxonomy":"product_tag","embeddable":true,"href":"https:\/\/www.hidrauservice.com.br\/index.php\/wp-json\/wp\/v2\/product_tag?post=2981"}],"curies":[{"name":"wp","href":"https:\/\/api.w.org\/{rel}","templated":true}]}}