{"id":2979,"date":"2024-05-20T20:53:32","date_gmt":"2024-05-20T23:53:32","guid":{"rendered":"https:\/\/www.hidrauservice.com.br\/?post_type=product&#038;p=2979"},"modified":"2024-05-20T20:53:32","modified_gmt":"2024-05-20T23:53:32","slug":"mancal-alavanca-racine","status":"publish","type":"product","link":"https:\/\/www.hidrauservice.com.br\/index.php\/produto\/mancal-alavanca-racine\/","title":{"rendered":"Mancal alavanca Racine"},"content":{"rendered":"<table style=\"height: 276px;\" width=\"572\">\n<tbody>\n<tr>\n<td style=\"text-align: center;\" width=\"64\">REF.<\/td>\n<td style=\"text-align: center;\" width=\"64\">Descri\u00e7\u00e3o<\/td>\n<td style=\"text-align: center;\" width=\"64\">C\u00f3digo<\/td>\n<\/tr>\n<tr>\n<td style=\"text-align: center;\">001018<\/td>\n<td style=\"text-align: center;\">Mancal alavanca 1\/2&#8243; racine<br \/>\n(suporte fundido)<\/td>\n<td style=\"text-align: center;\">6021400001<\/td>\n<\/tr>\n<tr>\n<td style=\"text-align: center;\">001019<\/td>\n<td style=\"text-align: center;\">Mancal alavanca 3\/8&#8243;<br \/>\nracine<br \/>\n(suporte fundido)<\/td>\n<td style=\"text-align: center;\">6021400002<\/td>\n<\/tr>\n<\/tbody>\n<\/table>\n<p>&nbsp;<\/p>\n","protected":false},"excerpt":{"rendered":"<p>REF. Descri\u00e7\u00e3o C\u00f3digo 001018 Mancal alavanca 1\/2&#8243; racine (suporte fundido) 6021400001 001019 Mancal alavanca 3\/8&#8243; racine (suporte fundido) 6021400002 &nbsp;<\/p>\n","protected":false},"featured_media":2980,"comment_status":"open","ping_status":"closed","template":"","meta":[],"product_brand":[],"product_cat":[59,60,54],"product_tag":[],"class_list":{"0":"post-2979","1":"product","2":"type-product","3":"status-publish","4":"has-post-thumbnail","6":"product_cat-acessorios","7":"product_cat-comandoracine","8":"product_cat-produtos","10":"first","11":"instock","12":"shipping-taxable","13":"product-type-simple"},"_links":{"self":[{"href":"https:\/\/www.hidrauservice.com.br\/index.php\/wp-json\/wp\/v2\/product\/2979","targetHints":{"allow":["GET"]}}],"collection":[{"href":"https:\/\/www.hidrauservice.com.br\/index.php\/wp-json\/wp\/v2\/product"}],"about":[{"href":"https:\/\/www.hidrauservice.com.br\/index.php\/wp-json\/wp\/v2\/types\/product"}],"replies":[{"embeddable":true,"href":"https:\/\/www.hidrauservice.com.br\/index.php\/wp-json\/wp\/v2\/comments?post=2979"}],"wp:featuredmedia":[{"embeddable":true,"href":"https:\/\/www.hidrauservice.com.br\/index.php\/wp-json\/wp\/v2\/media\/2980"}],"wp:attachment":[{"href":"https:\/\/www.hidrauservice.com.br\/index.php\/wp-json\/wp\/v2\/media?parent=2979"}],"wp:term":[{"taxonomy":"product_brand","embeddable":true,"href":"https:\/\/www.hidrauservice.com.br\/index.php\/wp-json\/wp\/v2\/product_brand?post=2979"},{"taxonomy":"product_cat","embeddable":true,"href":"https:\/\/www.hidrauservice.com.br\/index.php\/wp-json\/wp\/v2\/product_cat?post=2979"},{"taxonomy":"product_tag","embeddable":true,"href":"https:\/\/www.hidrauservice.com.br\/index.php\/wp-json\/wp\/v2\/product_tag?post=2979"}],"curies":[{"name":"wp","href":"https:\/\/api.w.org\/{rel}","templated":true}]}}