{"id":2977,"date":"2024-05-20T20:50:21","date_gmt":"2024-05-20T23:50:21","guid":{"rendered":"https:\/\/www.hidrauservice.com.br\/?post_type=product&#038;p=2977"},"modified":"2024-05-20T20:50:32","modified_gmt":"2024-05-20T23:50:32","slug":"fixador-mancal-fixador-extensao-racine","status":"publish","type":"product","link":"https:\/\/www.hidrauservice.com.br\/index.php\/produto\/fixador-mancal-fixador-extensao-racine\/","title":{"rendered":"Fixador mancal \/ fixador extens\u00e3o Racine"},"content":{"rendered":"<table style=\"height: 288px;\" width=\"631\">\n<tbody>\n<tr>\n<td style=\"text-align: center;\" width=\"64\">REF.<\/td>\n<td style=\"text-align: center;\" width=\"64\">Descri\u00e7\u00e3o<\/td>\n<td style=\"text-align: center;\" width=\"84\">C\u00f3digo<\/td>\n<\/tr>\n<tr>\n<td style=\"text-align: center;\">0503030262<\/td>\n<td style=\"text-align: center;\">Fixador mancal 3\/8&#8243; racine<br \/>\n(rosca fina 3\/8&#8243;)<\/td>\n<td style=\"text-align: center;\">6010600010<\/td>\n<\/tr>\n<tr>\n<td style=\"text-align: center;\">0503030265<\/td>\n<td style=\"text-align: center;\">Fixador mancal 1\/2&#8243; racine<br \/>\n(rosca fina 3\/8&#8243;)<\/td>\n<td style=\"text-align: center;\">6010600008<\/td>\n<\/tr>\n<tr>\n<td style=\"text-align: center;\">0503030263<\/td>\n<td style=\"text-align: center;\">Fixador extens\u00e3o 1\/2&#8243; racine<br \/>\n(rosca fina 3\/8&#8243;)<\/td>\n<td style=\"text-align: center;\">6010600002<\/td>\n<\/tr>\n<tr>\n<td style=\"text-align: center;\">0503030264<\/td>\n<td style=\"text-align: center;\">Fixador extens\u00e3o 3\/8&#8243;<br \/>\nracine<br \/>\n(rosca fina 5\/16&#8243;)<\/td>\n<td style=\"text-align: center;\">6010600004<\/td>\n<\/tr>\n<\/tbody>\n<\/table>\n","protected":false},"excerpt":{"rendered":"<p>REF. Descri\u00e7\u00e3o C\u00f3digo 0503030262 Fixador mancal 3\/8&#8243; racine (rosca fina 3\/8&#8243;) 6010600010 0503030265 Fixador mancal 1\/2&#8243; racine (rosca fina 3\/8&#8243;) 6010600008 0503030263 Fixador extens\u00e3o 1\/2&#8243; racine (rosca fina 3\/8&#8243;) 6010600002 0503030264 Fixador extens\u00e3o 3\/8&#8243; racine (rosca fina 5\/16&#8243;) 6010600004<\/p>\n","protected":false},"featured_media":2978,"comment_status":"open","ping_status":"closed","template":"","meta":[],"product_brand":[],"product_cat":[59,60,54],"product_tag":[],"class_list":{"0":"post-2977","1":"product","2":"type-product","3":"status-publish","4":"has-post-thumbnail","6":"product_cat-acessorios","7":"product_cat-comandoracine","8":"product_cat-produtos","10":"first","11":"instock","12":"shipping-taxable","13":"product-type-simple"},"_links":{"self":[{"href":"https:\/\/www.hidrauservice.com.br\/index.php\/wp-json\/wp\/v2\/product\/2977","targetHints":{"allow":["GET"]}}],"collection":[{"href":"https:\/\/www.hidrauservice.com.br\/index.php\/wp-json\/wp\/v2\/product"}],"about":[{"href":"https:\/\/www.hidrauservice.com.br\/index.php\/wp-json\/wp\/v2\/types\/product"}],"replies":[{"embeddable":true,"href":"https:\/\/www.hidrauservice.com.br\/index.php\/wp-json\/wp\/v2\/comments?post=2977"}],"wp:featuredmedia":[{"embeddable":true,"href":"https:\/\/www.hidrauservice.com.br\/index.php\/wp-json\/wp\/v2\/media\/2978"}],"wp:attachment":[{"href":"https:\/\/www.hidrauservice.com.br\/index.php\/wp-json\/wp\/v2\/media?parent=2977"}],"wp:term":[{"taxonomy":"product_brand","embeddable":true,"href":"https:\/\/www.hidrauservice.com.br\/index.php\/wp-json\/wp\/v2\/product_brand?post=2977"},{"taxonomy":"product_cat","embeddable":true,"href":"https:\/\/www.hidrauservice.com.br\/index.php\/wp-json\/wp\/v2\/product_cat?post=2977"},{"taxonomy":"product_tag","embeddable":true,"href":"https:\/\/www.hidrauservice.com.br\/index.php\/wp-json\/wp\/v2\/product_tag?post=2977"}],"curies":[{"name":"wp","href":"https:\/\/api.w.org\/{rel}","templated":true}]}}