{"id":2970,"date":"2024-05-20T20:38:40","date_gmt":"2024-05-20T23:38:40","guid":{"rendered":"https:\/\/www.hidrauservice.com.br\/?post_type=product&#038;p=2970"},"modified":"2024-05-20T20:38:40","modified_gmt":"2024-05-20T23:38:40","slug":"kit-alavanca-racine","status":"publish","type":"product","link":"https:\/\/www.hidrauservice.com.br\/index.php\/produto\/kit-alavanca-racine\/","title":{"rendered":"Kit Alavanca Racine"},"content":{"rendered":"<table style=\"height: 206px;\" width=\"585\">\n<tbody>\n<tr>\n<td style=\"text-align: center;\" width=\"64\">REF.<\/td>\n<td style=\"text-align: center;\" width=\"64\">Descri\u00e7\u00e3o<\/td>\n<td style=\"text-align: center;\" width=\"64\">C\u00f3digo<\/td>\n<\/tr>\n<tr>\n<td style=\"text-align: center;\">001024<br \/>\n(ML25)<\/td>\n<td style=\"text-align: center;\">Kit alavanca 1\/2&#8243; (racine)<\/td>\n<td style=\"text-align: center;\">6010800001<\/td>\n<\/tr>\n<tr>\n<td style=\"text-align: center;\">001023<br \/>\n(ML15)<\/td>\n<td style=\"text-align: center;\">Kit alavanca 3\/8&#8243; (racine)<\/td>\n<td style=\"text-align: center;\">6010800003<\/td>\n<\/tr>\n<\/tbody>\n<\/table>\n","protected":false},"excerpt":{"rendered":"<p>REF. Descri\u00e7\u00e3o C\u00f3digo 001024 (ML25) Kit alavanca 1\/2&#8243; (racine) 6010800001 001023 (ML15) Kit alavanca 3\/8&#8243; (racine) 6010800003<\/p>\n","protected":false},"featured_media":2973,"comment_status":"open","ping_status":"closed","template":"","meta":[],"product_brand":[],"product_cat":[60,54],"product_tag":[],"class_list":{"0":"post-2970","1":"product","2":"type-product","3":"status-publish","4":"has-post-thumbnail","6":"product_cat-comandoracine","7":"product_cat-produtos","9":"first","10":"instock","11":"shipping-taxable","12":"product-type-simple"},"_links":{"self":[{"href":"https:\/\/www.hidrauservice.com.br\/index.php\/wp-json\/wp\/v2\/product\/2970","targetHints":{"allow":["GET"]}}],"collection":[{"href":"https:\/\/www.hidrauservice.com.br\/index.php\/wp-json\/wp\/v2\/product"}],"about":[{"href":"https:\/\/www.hidrauservice.com.br\/index.php\/wp-json\/wp\/v2\/types\/product"}],"replies":[{"embeddable":true,"href":"https:\/\/www.hidrauservice.com.br\/index.php\/wp-json\/wp\/v2\/comments?post=2970"}],"wp:featuredmedia":[{"embeddable":true,"href":"https:\/\/www.hidrauservice.com.br\/index.php\/wp-json\/wp\/v2\/media\/2973"}],"wp:attachment":[{"href":"https:\/\/www.hidrauservice.com.br\/index.php\/wp-json\/wp\/v2\/media?parent=2970"}],"wp:term":[{"taxonomy":"product_brand","embeddable":true,"href":"https:\/\/www.hidrauservice.com.br\/index.php\/wp-json\/wp\/v2\/product_brand?post=2970"},{"taxonomy":"product_cat","embeddable":true,"href":"https:\/\/www.hidrauservice.com.br\/index.php\/wp-json\/wp\/v2\/product_cat?post=2970"},{"taxonomy":"product_tag","embeddable":true,"href":"https:\/\/www.hidrauservice.com.br\/index.php\/wp-json\/wp\/v2\/product_tag?post=2970"}],"curies":[{"name":"wp","href":"https:\/\/api.w.org\/{rel}","templated":true}]}}