{"id":2805,"date":"2024-03-22T17:59:20","date_gmt":"2024-03-22T20:59:20","guid":{"rendered":"https:\/\/hidrauservice.com.br\/?post_type=product&#038;p=2805"},"modified":"2024-03-22T17:59:20","modified_gmt":"2024-03-22T20:59:20","slug":"ponta-de-eixo-entalhada-24-estrias-2","status":"publish","type":"product","link":"https:\/\/www.hidrauservice.com.br\/index.php\/produto\/ponta-de-eixo-entalhada-24-estrias-2\/","title":{"rendered":"Ponta de eixo entalhada 24 estrias"},"content":{"rendered":"<table style=\"height: 187px;\" width=\"567\">\n<tbody>\n<tr>\n<td style=\"text-align: center;\" width=\"64\">REF.<\/td>\n<td style=\"text-align: center;\" width=\"64\">Descri\u00e7\u00e3o<\/td>\n<td style=\"text-align: center;\" width=\"64\">C\u00f3digo<\/td>\n<\/tr>\n<tr>\n<td style=\"text-align: center;\">8009109015LD<\/td>\n<td style=\"text-align: center;\">Ponta de eixo entalhada 24 estrias c\/ base (Agrale)<\/td>\n<td style=\"text-align: center;\">6021800013<\/td>\n<\/tr>\n<\/tbody>\n<\/table>\n","protected":false},"excerpt":{"rendered":"<p>REF. Descri\u00e7\u00e3o C\u00f3digo 8009109015LD Ponta de eixo entalhada 24 estrias c\/ base (Agrale) 6021800013<\/p>\n","protected":false},"featured_media":2806,"comment_status":"open","ping_status":"closed","template":"","meta":[],"product_brand":[],"product_cat":[53,54],"product_tag":[],"class_list":{"0":"post-2805","1":"product","2":"type-product","3":"status-publish","4":"has-post-thumbnail","6":"product_cat-luvasepontasent","7":"product_cat-produtos","9":"first","10":"instock","11":"shipping-taxable","12":"product-type-simple"},"_links":{"self":[{"href":"https:\/\/www.hidrauservice.com.br\/index.php\/wp-json\/wp\/v2\/product\/2805","targetHints":{"allow":["GET"]}}],"collection":[{"href":"https:\/\/www.hidrauservice.com.br\/index.php\/wp-json\/wp\/v2\/product"}],"about":[{"href":"https:\/\/www.hidrauservice.com.br\/index.php\/wp-json\/wp\/v2\/types\/product"}],"replies":[{"embeddable":true,"href":"https:\/\/www.hidrauservice.com.br\/index.php\/wp-json\/wp\/v2\/comments?post=2805"}],"wp:featuredmedia":[{"embeddable":true,"href":"https:\/\/www.hidrauservice.com.br\/index.php\/wp-json\/wp\/v2\/media\/2806"}],"wp:attachment":[{"href":"https:\/\/www.hidrauservice.com.br\/index.php\/wp-json\/wp\/v2\/media?parent=2805"}],"wp:term":[{"taxonomy":"product_brand","embeddable":true,"href":"https:\/\/www.hidrauservice.com.br\/index.php\/wp-json\/wp\/v2\/product_brand?post=2805"},{"taxonomy":"product_cat","embeddable":true,"href":"https:\/\/www.hidrauservice.com.br\/index.php\/wp-json\/wp\/v2\/product_cat?post=2805"},{"taxonomy":"product_tag","embeddable":true,"href":"https:\/\/www.hidrauservice.com.br\/index.php\/wp-json\/wp\/v2\/product_tag?post=2805"}],"curies":[{"name":"wp","href":"https:\/\/api.w.org\/{rel}","templated":true}]}}