{"id":2369,"date":"2024-02-01T16:12:50","date_gmt":"2024-02-01T19:12:50","guid":{"rendered":"https:\/\/hidrauservice.com.br\/?post_type=product&#038;p=2369"},"modified":"2024-03-21T16:24:53","modified_gmt":"2024-03-21T19:24:53","slug":"ponta-entalhada-tomada-de-forca-1-3-8","status":"publish","type":"product","link":"https:\/\/www.hidrauservice.com.br\/index.php\/produto\/ponta-entalhada-tomada-de-forca-1-3-8\/","title":{"rendered":"Ponta entalhada tomada de for\u00e7a 1.3\/8&#8243;"},"content":{"rendered":"<table style=\"height: 178px;\" width=\"452\">\n<tbody>\n<tr>\n<td style=\"text-align: center;\" width=\"64\">REF.<\/td>\n<td style=\"text-align: center;\" width=\"64\">Descri\u00e7\u00e3o<\/td>\n<td style=\"text-align: center;\" width=\"64\">C\u00f3digo<\/td>\n<\/tr>\n<tr>\n<td style=\"text-align: center;\">2002013\/1<\/td>\n<td style=\"text-align: center;\">Ponta entalhada tomada de for\u00e7a 1.3\/8&#8243; &#8211; 6 estrias (antiga) MF\/NH\/JD\/VALTRA\/AGRALE\/CASE<\/td>\n<td style=\"text-align: center;\">6021800003<\/td>\n<\/tr>\n<\/tbody>\n<\/table>\n","protected":false},"excerpt":{"rendered":"<p>REF. Descri\u00e7\u00e3o C\u00f3digo 2002013\/1 Ponta entalhada tomada de for\u00e7a 1.3\/8&#8243; &#8211; 6 estrias (antiga) MF\/NH\/JD\/VALTRA\/AGRALE\/CASE 6021800003<\/p>\n","protected":false},"featured_media":2775,"comment_status":"open","ping_status":"closed","template":"","meta":[],"product_brand":[],"product_cat":[53,54],"product_tag":[],"class_list":{"0":"post-2369","1":"product","2":"type-product","3":"status-publish","4":"has-post-thumbnail","6":"product_cat-luvasepontasent","7":"product_cat-produtos","9":"first","10":"instock","11":"shipping-taxable","12":"product-type-simple"},"_links":{"self":[{"href":"https:\/\/www.hidrauservice.com.br\/index.php\/wp-json\/wp\/v2\/product\/2369","targetHints":{"allow":["GET"]}}],"collection":[{"href":"https:\/\/www.hidrauservice.com.br\/index.php\/wp-json\/wp\/v2\/product"}],"about":[{"href":"https:\/\/www.hidrauservice.com.br\/index.php\/wp-json\/wp\/v2\/types\/product"}],"replies":[{"embeddable":true,"href":"https:\/\/www.hidrauservice.com.br\/index.php\/wp-json\/wp\/v2\/comments?post=2369"}],"wp:featuredmedia":[{"embeddable":true,"href":"https:\/\/www.hidrauservice.com.br\/index.php\/wp-json\/wp\/v2\/media\/2775"}],"wp:attachment":[{"href":"https:\/\/www.hidrauservice.com.br\/index.php\/wp-json\/wp\/v2\/media?parent=2369"}],"wp:term":[{"taxonomy":"product_brand","embeddable":true,"href":"https:\/\/www.hidrauservice.com.br\/index.php\/wp-json\/wp\/v2\/product_brand?post=2369"},{"taxonomy":"product_cat","embeddable":true,"href":"https:\/\/www.hidrauservice.com.br\/index.php\/wp-json\/wp\/v2\/product_cat?post=2369"},{"taxonomy":"product_tag","embeddable":true,"href":"https:\/\/www.hidrauservice.com.br\/index.php\/wp-json\/wp\/v2\/product_tag?post=2369"}],"curies":[{"name":"wp","href":"https:\/\/api.w.org\/{rel}","templated":true}]}}