{"id":2327,"date":"2024-02-01T15:32:46","date_gmt":"2024-02-01T18:32:46","guid":{"rendered":"https:\/\/hidrauservice.com.br\/?post_type=product&#038;p=2327"},"modified":"2024-03-25T14:38:17","modified_gmt":"2024-03-25T17:38:17","slug":"ponta-de-eixo-entalhada-1-1-8-20","status":"publish","type":"product","link":"https:\/\/www.hidrauservice.com.br\/index.php\/produto\/ponta-de-eixo-entalhada-1-1-8-20\/","title":{"rendered":"Ponta de eixo entalhada 1.1\/8&#8243; 20\u00b0"},"content":{"rendered":"<table style=\"height: 100px;\" width=\"759\">\n<tbody>\n<tr>\n<td style=\"text-align: center;\" width=\"64\">REF.<\/td>\n<td style=\"text-align: center;\" width=\"64\">Descri\u00e7\u00e3o<\/td>\n<td style=\"text-align: center;\" width=\"64\">C\u00f3digo<\/td>\n<\/tr>\n<tr>\n<td style=\"text-align: center;\">0503030237A<\/td>\n<td style=\"text-align: center;\">Ponta de eixo entalhada 1.1\/8&#8243; 20\u00b0 antiga<\/td>\n<td style=\"text-align: center;\">6021800008<\/td>\n<\/tr>\n<\/tbody>\n<\/table>\n","protected":false},"excerpt":{"rendered":"<p>REF. Descri\u00e7\u00e3o C\u00f3digo 0503030237A Ponta de eixo entalhada 1.1\/8&#8243; 20\u00b0 antiga 6021800008<\/p>\n","protected":false},"featured_media":2797,"comment_status":"open","ping_status":"closed","template":"","meta":[],"product_brand":[],"product_cat":[53,54],"product_tag":[],"class_list":{"0":"post-2327","1":"product","2":"type-product","3":"status-publish","4":"has-post-thumbnail","6":"product_cat-luvasepontasent","7":"product_cat-produtos","9":"first","10":"instock","11":"shipping-taxable","12":"product-type-simple"},"_links":{"self":[{"href":"https:\/\/www.hidrauservice.com.br\/index.php\/wp-json\/wp\/v2\/product\/2327","targetHints":{"allow":["GET"]}}],"collection":[{"href":"https:\/\/www.hidrauservice.com.br\/index.php\/wp-json\/wp\/v2\/product"}],"about":[{"href":"https:\/\/www.hidrauservice.com.br\/index.php\/wp-json\/wp\/v2\/types\/product"}],"replies":[{"embeddable":true,"href":"https:\/\/www.hidrauservice.com.br\/index.php\/wp-json\/wp\/v2\/comments?post=2327"}],"wp:featuredmedia":[{"embeddable":true,"href":"https:\/\/www.hidrauservice.com.br\/index.php\/wp-json\/wp\/v2\/media\/2797"}],"wp:attachment":[{"href":"https:\/\/www.hidrauservice.com.br\/index.php\/wp-json\/wp\/v2\/media?parent=2327"}],"wp:term":[{"taxonomy":"product_brand","embeddable":true,"href":"https:\/\/www.hidrauservice.com.br\/index.php\/wp-json\/wp\/v2\/product_brand?post=2327"},{"taxonomy":"product_cat","embeddable":true,"href":"https:\/\/www.hidrauservice.com.br\/index.php\/wp-json\/wp\/v2\/product_cat?post=2327"},{"taxonomy":"product_tag","embeddable":true,"href":"https:\/\/www.hidrauservice.com.br\/index.php\/wp-json\/wp\/v2\/product_tag?post=2327"}],"curies":[{"name":"wp","href":"https:\/\/api.w.org\/{rel}","templated":true}]}}