{"id":2285,"date":"2024-01-31T18:03:40","date_gmt":"2024-01-31T21:03:40","guid":{"rendered":"https:\/\/hidrauservice.com.br\/?post_type=product&#038;p=2285"},"modified":"2024-03-13T02:49:16","modified_gmt":"2024-03-13T05:49:16","slug":"luva-entalhada-24-estrias","status":"publish","type":"product","link":"https:\/\/www.hidrauservice.com.br\/index.php\/produto\/luva-entalhada-24-estrias\/","title":{"rendered":"Luva entalhada 24 Estrias"},"content":{"rendered":"<table style=\"height: 185px;\" width=\"422\">\n<tbody>\n<tr>\n<td style=\"text-align: center;\" width=\"64\">REF.<\/td>\n<td style=\"text-align: center;\" width=\"64\">Descri\u00e7\u00e3o<\/td>\n<td style=\"text-align: center;\" width=\"64\">C\u00f3digo<\/td>\n<\/tr>\n<tr>\n<td style=\"text-align: center;\">8009103102003<\/td>\n<td style=\"text-align: center;\">Luva entalhada 24 estrias (tra\u00e7\u00e3o dianteira)<\/td>\n<td style=\"text-align: center;\">6021300063<\/td>\n<\/tr>\n<\/tbody>\n<\/table>\n","protected":false},"excerpt":{"rendered":"<p>REF. Descri\u00e7\u00e3o C\u00f3digo 8009103102003 Luva entalhada 24 estrias (tra\u00e7\u00e3o dianteira) 6021300063<\/p>\n","protected":false},"featured_media":2763,"comment_status":"open","ping_status":"closed","template":"","meta":[],"product_brand":[],"product_cat":[53,54],"product_tag":[],"class_list":{"0":"post-2285","1":"product","2":"type-product","3":"status-publish","4":"has-post-thumbnail","6":"product_cat-luvasepontasent","7":"product_cat-produtos","9":"first","10":"instock","11":"shipping-taxable","12":"product-type-simple"},"_links":{"self":[{"href":"https:\/\/www.hidrauservice.com.br\/index.php\/wp-json\/wp\/v2\/product\/2285","targetHints":{"allow":["GET"]}}],"collection":[{"href":"https:\/\/www.hidrauservice.com.br\/index.php\/wp-json\/wp\/v2\/product"}],"about":[{"href":"https:\/\/www.hidrauservice.com.br\/index.php\/wp-json\/wp\/v2\/types\/product"}],"replies":[{"embeddable":true,"href":"https:\/\/www.hidrauservice.com.br\/index.php\/wp-json\/wp\/v2\/comments?post=2285"}],"wp:featuredmedia":[{"embeddable":true,"href":"https:\/\/www.hidrauservice.com.br\/index.php\/wp-json\/wp\/v2\/media\/2763"}],"wp:attachment":[{"href":"https:\/\/www.hidrauservice.com.br\/index.php\/wp-json\/wp\/v2\/media?parent=2285"}],"wp:term":[{"taxonomy":"product_brand","embeddable":true,"href":"https:\/\/www.hidrauservice.com.br\/index.php\/wp-json\/wp\/v2\/product_brand?post=2285"},{"taxonomy":"product_cat","embeddable":true,"href":"https:\/\/www.hidrauservice.com.br\/index.php\/wp-json\/wp\/v2\/product_cat?post=2285"},{"taxonomy":"product_tag","embeddable":true,"href":"https:\/\/www.hidrauservice.com.br\/index.php\/wp-json\/wp\/v2\/product_tag?post=2285"}],"curies":[{"name":"wp","href":"https:\/\/api.w.org\/{rel}","templated":true}]}}