{"id":2277,"date":"2024-01-31T17:49:13","date_gmt":"2024-01-31T20:49:13","guid":{"rendered":"https:\/\/hidrauservice.com.br\/?post_type=product&#038;p=2277"},"modified":"2024-03-25T14:31:14","modified_gmt":"2024-03-25T17:31:14","slug":"luvas-adaptadoras-p-tratores","status":"publish","type":"product","link":"https:\/\/www.hidrauservice.com.br\/index.php\/produto\/luvas-adaptadoras-p-tratores\/","title":{"rendered":"Luvas Adaptadoras P\/ Tratores"},"content":{"rendered":"<table style=\"height: 93px;\" width=\"759\">\n<tbody>\n<tr>\n<td style=\"text-align: center;\" width=\"64\">REF.<\/td>\n<td style=\"text-align: center;\"  width=\"64\">Descri\u00e7\u00e3o<\/td>\n<td style=\"text-align: center;\" width=\"64\">C\u00f3digo<\/td>\n<\/tr>\n<tr>\n<td style=\"text-align: center;\" width=\"64\">191500<\/td>\n<td style=\"text-align: center;\"  width=\"64\">Luva 1.3\/4&#8243; 6 estrias X ponta 1.3\/8&#8243; 6 estrias<\/td>\n<td style=\"text-align: center;\" width=\"64\">6021300010<\/td>\n<\/tr>\n<tr>\n<td style=\"text-align: center;\" width=\"64\">191500\/6<\/td>\n<td style=\"text-align: center;\" width=\"64\">Luva 1.3\/4&#8243; 6 estrias X ponta 1.3\/8&#8243; 21 estrias<\/td>\n<td style=\"text-align: center;\" width=\"64\">6021300042<\/td>\n<\/tr>\n<tr>\n<td style=\"text-align: center;\" width=\"64\">191500\/7<\/td>\n<td style=\"text-align: center;\"  width=\"64\">Luva 1.3\/4&#8243; 6 estrias X ponta 1.3\/4&#8243; 6 estrias<\/td>\n<td style=\"text-align: center;\" width=\"64\">6021300044<\/td>\n<\/tr>\n<tr>\n<td style=\"text-align: center;\" width=\"64\">191500\/1<\/td>\n<td style=\"text-align: center;\" width=\"64\">Luva 1.3\/4&#8243; 6 estrias X ponta 1.3\/4&#8243; 20 estrias<\/td>\n<td style=\"text-align: center;\" width=\"64\">6021300017<\/td>\n<\/tr>\n<tr>\n<td style=\"text-align: center;\">191500\/3<\/td>\n<td style=\"text-align: center;\" >Luva 1.3\/8&#8243; 6 estrias X ponta 1.3\/8&#8243; 21 estrias<\/td>\n<td style=\"text-align: center;\">6021300041<\/td>\n<\/tr>\n<tr>\n<td style=\"text-align: center;\" width=\"64\">191500\/11<\/td>\n<td style=\"text-align: center;\" >Luva 1.3\/8&#8243; 6 estrias X ponta 1.3\/8&#8243; 6 estrias<\/td>\n<td style=\"text-align: center;\" width=\"64\">6021300015<\/td>\n<\/tr>\n<\/tbody>\n<\/table>\n<p>&nbsp;<\/p>\n<table style=\"height: 93px;\" width=\"759\">\n<tbody>\n<tr>\n<td style=\"text-align: center;\" width=\"64\">REF.<\/td>\n<td style=\"text-align: center;\"  width=\"64\">Descri\u00e7\u00e3o<\/td>\n<td style=\"text-align: center;\" width=\"64\">C\u00f3digo<\/td>\n<\/tr>\n<tr>\n<td style=\"text-align: center;\" width=\"64\">191500\/10<\/td>\n<td style=\"text-align: center;\"  width=\"64\">Luva 1.3\/8&#8243; 6 estrias X ponta 1.3\/4&#8243; 6 estrias<\/td>\n<td style=\"text-align: center;\" width=\"64\">6021300049<\/td>\n<\/tr>\n<tr>\n<td style=\"text-align: center;\" width=\"64\">191500\/12<\/td>\n<td style=\"text-align: center;\"  width=\"64\">Luva 1.3\/8&#8243; 6 estrias X ponta 1.3\/4&#8243; 20 estrias<\/td>\n<td style=\"text-align: center;\" width=\"64\">6021300050<\/td>\n<\/tr>\n<tr>\n<td style=\"text-align: center;\" width=\"64\">191500\/R<\/td>\n<td style=\"text-align: center;\"  width=\"64\">Luva 1.3\/4&#8243; 20 estrias X ponta 1.3\/8&#8243; 6 estrias<\/td>\n<td style=\"text-align: center;\" width=\"64\">6021300009<\/td>\n<\/tr>\n<tr>\n<td style=\"text-align: center;\" width=\"64\">191500\/2<\/td>\n<td style=\"text-align: center;\"  width=\"64\">Luva 1.3\/4&#8243; 20 estrias X ponta 1.3\/4&#8243; 6 estrias<\/td>\n<td style=\"text-align: center;\" width=\"64\">6021300016<\/td>\n<\/tr>\n<tr>\n<td style=\"text-align: center;\">191500\/9<\/td>\n<td style=\"text-align: center;\" >Luva 1.3\/4&#8243; 20 estrias X ponta 1.3\/8&#8243; 21 estrias<\/td>\n<td style=\"text-align: center;\">6021300048<\/td>\n<\/tr>\n<\/tbody>\n<\/table>\n<p>&nbsp;<\/p>\n<table style=\"height: 93px;\" width=\"759\">\n<tbody>\n<tr>\n<td style=\"text-align: center;\" width=\"64\">REF.<\/td>\n<td style=\"text-align: center;\"  width=\"64\">Descri\u00e7\u00e3o<\/td>\n<td style=\"text-align: center;\" width=\"64\">C\u00f3digo<\/td>\n<\/tr>\n<tr>\n<td style=\"text-align: center;\" width=\"64\">191500\/8<\/td>\n<td style=\"text-align: center;\"  width=\"64\">Luva 1.3\/4&#8243; 20 estrias X ponta 1.3\/4&#8243; 20 estrias<\/td>\n<td style=\"text-align: center;\" width=\"64\">6021300047<\/td>\n<\/tr>\n<tr>\n<td style=\"text-align: center;\" width=\"64\">191500\/4<\/td>\n<td style=\"text-align: center;\"  width=\"64\">Luva 1.3\/8&#8243; 21 estrias X ponta 1.3\/8&#8243; 6 estrias<\/td>\n<td style=\"text-align: center;\" width=\"64\">6021300014<\/td>\n<\/tr>\n<tr>\n<td style=\"text-align: center;\" width=\"64\">191500\/13<\/td>\n<td style=\"text-align: center;\" width=\"64\">Luva 1.3\/8&#8243; 21 estrias X ponta 1.3\/8&#8243; 21 estrias<\/td>\n<td style=\"text-align: center;\" width=\"64\">6021300051<\/td>\n<\/tr>\n<tr>\n<td style=\"text-align: center;\" width=\"64\">191500\/5<\/td>\n<td style=\"text-align: center;\"  width=\"64\">Luva 1.3\/8&#8243; 21 estrias X ponta 1.3\/4&#8243; 6 estrias<\/td>\n<td style=\"text-align: center;\" width=\"64\">6021300013<\/td>\n<\/tr>\n<tr>\n<td style=\"text-align: center;\">191500\/14<\/td>\n<td style=\"text-align: center;\" >Luva 1.3\/8&#8243; 21 estrias X ponta 1.3\/4&#8243; 20 estrias<\/td>\n<td style=\"text-align: center;\">6021300052<\/td>\n<\/tr>\n<\/tbody>\n<\/table>\n","protected":false},"excerpt":{"rendered":"<p>REF. Descri\u00e7\u00e3o C\u00f3digo 191500 Luva 1.3\/4&#8243; 6 estrias X ponta 1.3\/8&#8243; 6 estrias 6021300010 191500\/6 Luva 1.3\/4&#8243; 6 estrias X ponta 1.3\/8&#8243; 21 estrias 6021300042 191500\/7 Luva 1.3\/4&#8243; 6 estrias X ponta 1.3\/4&#8243; 6 estrias 6021300044 191500\/1 Luva 1.3\/4&#8243; 6 estrias X ponta 1.3\/4&#8243; 20 estrias 6021300017 191500\/3 Luva 1.3\/8&#8243; 6 estrias X ponta 1.3\/8&#8243; [&hellip;]<\/p>\n","protected":false},"featured_media":2766,"comment_status":"open","ping_status":"closed","template":"","meta":[],"product_brand":[],"product_cat":[56,54],"product_tag":[],"class_list":{"0":"post-2277","1":"product","2":"type-product","3":"status-publish","4":"has-post-thumbnail","6":"product_cat-luvas-adptadoras-p-tratores","7":"product_cat-produtos","9":"first","10":"instock","11":"shipping-taxable","12":"product-type-simple"},"_links":{"self":[{"href":"https:\/\/www.hidrauservice.com.br\/index.php\/wp-json\/wp\/v2\/product\/2277","targetHints":{"allow":["GET"]}}],"collection":[{"href":"https:\/\/www.hidrauservice.com.br\/index.php\/wp-json\/wp\/v2\/product"}],"about":[{"href":"https:\/\/www.hidrauservice.com.br\/index.php\/wp-json\/wp\/v2\/types\/product"}],"replies":[{"embeddable":true,"href":"https:\/\/www.hidrauservice.com.br\/index.php\/wp-json\/wp\/v2\/comments?post=2277"}],"wp:featuredmedia":[{"embeddable":true,"href":"https:\/\/www.hidrauservice.com.br\/index.php\/wp-json\/wp\/v2\/media\/2766"}],"wp:attachment":[{"href":"https:\/\/www.hidrauservice.com.br\/index.php\/wp-json\/wp\/v2\/media?parent=2277"}],"wp:term":[{"taxonomy":"product_brand","embeddable":true,"href":"https:\/\/www.hidrauservice.com.br\/index.php\/wp-json\/wp\/v2\/product_brand?post=2277"},{"taxonomy":"product_cat","embeddable":true,"href":"https:\/\/www.hidrauservice.com.br\/index.php\/wp-json\/wp\/v2\/product_cat?post=2277"},{"taxonomy":"product_tag","embeddable":true,"href":"https:\/\/www.hidrauservice.com.br\/index.php\/wp-json\/wp\/v2\/product_tag?post=2277"}],"curies":[{"name":"wp","href":"https:\/\/api.w.org\/{rel}","templated":true}]}}