{"id":2270,"date":"2024-01-31T17:28:10","date_gmt":"2024-01-31T20:28:10","guid":{"rendered":"https:\/\/hidrauservice.com.br\/?post_type=product&#038;p=2270"},"modified":"2024-03-27T11:22:04","modified_gmt":"2024-03-27T14:22:04","slug":"engrenagem-22-dentes","status":"publish","type":"product","link":"https:\/\/www.hidrauservice.com.br\/index.php\/produto\/engrenagem-22-dentes\/","title":{"rendered":"Engrenagem 22 Dentes"},"content":{"rendered":"<table style=\"height: 164px;\" width=\"535\">\n<tbody>\n<tr>\n<td style=\"text-align: center;\" width=\"64\">REF.<\/td>\n<td style=\"text-align: center;\" width=\"64\">Descri\u00e7\u00e3o<\/td>\n<td style=\"text-align: center;\" width=\"64\">C\u00f3digo<\/td>\n<\/tr>\n<tr>\n<td style=\"text-align: center;\">0501110008<\/td>\n<td style=\"text-align: center;\">Engrenagem 22 Dentes CBT<\/td>\n<td style=\"text-align: center;\">6020900012<\/td>\n<\/tr>\n<\/tbody>\n<\/table>\n<p>&nbsp;<\/p>\n<table style=\"height: 155px;\" width=\"538\">\n<tbody>\n<tr>\n<td style=\"text-align: center;\" width=\"64\">REF.<\/td>\n<td style=\"text-align: center;\" width=\"64\">Descri\u00e7\u00e3o<\/td>\n<td style=\"text-align: center;\" width=\"64\">C\u00f3digo<\/td>\n<\/tr>\n<tr>\n<td style=\"text-align: center;\">0502010101<\/td>\n<td style=\"text-align: center;\">Engrenagem 22 dentes c\u00f4nica 5\/8\u2033 chavetada<\/td>\n<td style=\"text-align: center;\">6020900003<\/td>\n<\/tr>\n<\/tbody>\n<\/table>\n<p>&nbsp;<\/p>\n<table style=\"height: 140px;\" width=\"537\">\n<tbody>\n<tr>\n<td style=\"text-align: center;\" width=\"64\">REF.<\/td>\n<td style=\"text-align: center;\" width=\"64\">Descri\u00e7\u00e3o<\/td>\n<td style=\"text-align: center;\" width=\"64\">C\u00f3digo<\/td>\n<\/tr>\n<tr>\n<td style=\"text-align: center;\">40021957<\/td>\n<td style=\"text-align: center;\">Engrenagem 22 dentes rosca esquerda<\/td>\n<td style=\"text-align: center;\">6022600001<\/td>\n<\/tr>\n<\/tbody>\n<\/table>\n<p>&nbsp;<\/p>\n","protected":false},"excerpt":{"rendered":"<p>REF. Descri\u00e7\u00e3o C\u00f3digo 0501110008 Engrenagem 22 Dentes CBT 6020900012 &nbsp; REF. Descri\u00e7\u00e3o C\u00f3digo 0502010101 Engrenagem 22 dentes c\u00f4nica 5\/8\u2033 chavetada 6020900003 &nbsp; REF. Descri\u00e7\u00e3o C\u00f3digo 40021957 Engrenagem 22 dentes rosca esquerda 6022600001 &nbsp;<\/p>\n","protected":false},"featured_media":2273,"comment_status":"open","ping_status":"closed","template":"","meta":[],"product_brand":[],"product_cat":[55,54],"product_tag":[],"class_list":{"0":"post-2270","1":"product","2":"type-product","3":"status-publish","4":"has-post-thumbnail","6":"product_cat-engrenagens-para-acoplamentos","7":"product_cat-produtos","9":"first","10":"instock","11":"shipping-taxable","12":"product-type-simple"},"_links":{"self":[{"href":"https:\/\/www.hidrauservice.com.br\/index.php\/wp-json\/wp\/v2\/product\/2270","targetHints":{"allow":["GET"]}}],"collection":[{"href":"https:\/\/www.hidrauservice.com.br\/index.php\/wp-json\/wp\/v2\/product"}],"about":[{"href":"https:\/\/www.hidrauservice.com.br\/index.php\/wp-json\/wp\/v2\/types\/product"}],"replies":[{"embeddable":true,"href":"https:\/\/www.hidrauservice.com.br\/index.php\/wp-json\/wp\/v2\/comments?post=2270"}],"wp:featuredmedia":[{"embeddable":true,"href":"https:\/\/www.hidrauservice.com.br\/index.php\/wp-json\/wp\/v2\/media\/2273"}],"wp:attachment":[{"href":"https:\/\/www.hidrauservice.com.br\/index.php\/wp-json\/wp\/v2\/media?parent=2270"}],"wp:term":[{"taxonomy":"product_brand","embeddable":true,"href":"https:\/\/www.hidrauservice.com.br\/index.php\/wp-json\/wp\/v2\/product_brand?post=2270"},{"taxonomy":"product_cat","embeddable":true,"href":"https:\/\/www.hidrauservice.com.br\/index.php\/wp-json\/wp\/v2\/product_cat?post=2270"},{"taxonomy":"product_tag","embeddable":true,"href":"https:\/\/www.hidrauservice.com.br\/index.php\/wp-json\/wp\/v2\/product_tag?post=2270"}],"curies":[{"name":"wp","href":"https:\/\/api.w.org\/{rel}","templated":true}]}}