{"id":2068,"date":"2024-01-30T15:27:23","date_gmt":"2024-01-30T18:27:23","guid":{"rendered":"https:\/\/hidrauservice.com.br\/?post_type=product&#038;p=2068"},"modified":"2024-04-22T21:38:17","modified_gmt":"2024-04-23T00:38:17","slug":"engate-rapido-3-4","status":"publish","type":"product","link":"https:\/\/www.hidrauservice.com.br\/index.php\/produto\/engate-rapido-3-4\/","title":{"rendered":"Engate r\u00e1pido hidr\u00e1ulico 3\/4&#8243;"},"content":{"rendered":"<table style=\"height: 93px;\" width=\"759\">\n<tbody>\n<tr>\n<td style=\"text-align: center;\" width=\"64\">REF.<\/td>\n<td style=\"text-align: center;\" width=\"64\">Descri\u00e7\u00e3o<\/td>\n<td style=\"text-align: center;\" width=\"64\">C\u00f3digo<\/td>\n<\/tr>\n<tr>\n<td style=\"text-align: center;\">001038<\/td>\n<td style=\"text-align: center;\">Jun\u00e7\u00e3o agr\u00edcola 3\/4 Completo<\/td>\n<td style=\"text-align: center;\">6010100027<\/td>\n<\/tr>\n<\/tbody>\n<\/table>\n<p>&nbsp;<\/p>\n<table style=\"height: 93px;\" width=\"759\">\n<tbody>\n<tr>\n<td style=\"text-align: center;\" width=\"64\">REF.<\/td>\n<td style=\"text-align: center;\" width=\"64\">Marca<\/td>\n<td style=\"text-align: center;\" width=\"64\">C\u00f3digo<\/td>\n<\/tr>\n<tr>\n<td style=\"text-align: center;\">001038<\/td>\n<td style=\"text-align: center;\">Valtra<\/td>\n<td style=\"text-align: center;\">86827300<\/td>\n<\/tr>\n<\/tbody>\n<\/table>\n<p>&nbsp;<\/p>\n<table style=\"height: 93px;\" width=\"759\">\n<tbody>\n<tr>\n<td style=\"text-align: center;\" width=\"64\">REF.<\/td>\n<td style=\"text-align: center;\" width=\"64\">Descri\u00e7\u00e3o<\/td>\n<td style=\"text-align: center;\" width=\"64\">C\u00f3digo<\/td>\n<\/tr>\n<tr>\n<td style=\"text-align: center;\">001040<\/td>\n<td style=\"text-align: center;\">Jun\u00e7\u00e3o agr\u00edcola macho 3\/4&#8243;<\/td>\n<td style=\"text-align: center;\">6010100030<\/td>\n<\/tr>\n<\/tbody>\n<\/table>\n<p>&nbsp;<\/p>\n<table style=\"height: 93px;\" width=\"759\">\n<tbody>\n<tr>\n<td style=\"text-align: center;\" width=\"64\">REF.<\/td>\n<td style=\"text-align: center;\" width=\"64\">Descri\u00e7\u00e3o<\/td>\n<td style=\"text-align: center;\" width=\"64\">C\u00f3digo<\/td>\n<\/tr>\n<tr>\n<td style=\"text-align: center;\">001039<\/td>\n<td style=\"text-align: center;\">Jun\u00e7\u00e3o agr\u00edcola f\u00eamea 3\/4&#8243;<\/td>\n<td style=\"text-align: center;\">6010100029<\/td>\n<\/tr>\n<\/tbody>\n<\/table>\n<p>&nbsp;<\/p>\n","protected":false},"excerpt":{"rendered":"<p>Engate R\u00e1pido Hidr\u00e1ulico 3\/4\u2033 dispon\u00edvel na rosca 3\/4\u2033 NPT. Conex\u00e3o e desconex\u00e3o por meio de retra\u00e7\u00e3o da capa, com acabamento superficial em Zinco Trivalente, Travamento por esferas de de a\u00e7o polida, An\u00e9is anti-extrus\u00e3o em PTFE e Veda\u00e7\u00e3o em NBR (Borracha Nitr\u00edlica).<\/p>\n<p>\u2022 Press\u00e3o de Trabalho 250 Bar;<\/p>\n<p>\u2022 Temperatura de trabalho: -25\u00b0C \u00e0 +100\u00b0C;<\/p>\n<p>\u2022 Vaz\u00e3o \u00b1 110 (l\/min);<\/p>\n<p>\u2022 Norma ISO 7241-1 serie \u201cA\u201d<\/p>\n","protected":false},"featured_media":2070,"comment_status":"open","ping_status":"closed","template":"","meta":[],"product_brand":[],"product_cat":[49,54],"product_tag":[],"class_list":{"0":"post-2068","1":"product","2":"type-product","3":"status-publish","4":"has-post-thumbnail","6":"product_cat-engatesrapido","7":"product_cat-produtos","9":"first","10":"instock","11":"shipping-taxable","12":"product-type-simple"},"_links":{"self":[{"href":"https:\/\/www.hidrauservice.com.br\/index.php\/wp-json\/wp\/v2\/product\/2068","targetHints":{"allow":["GET"]}}],"collection":[{"href":"https:\/\/www.hidrauservice.com.br\/index.php\/wp-json\/wp\/v2\/product"}],"about":[{"href":"https:\/\/www.hidrauservice.com.br\/index.php\/wp-json\/wp\/v2\/types\/product"}],"replies":[{"embeddable":true,"href":"https:\/\/www.hidrauservice.com.br\/index.php\/wp-json\/wp\/v2\/comments?post=2068"}],"wp:featuredmedia":[{"embeddable":true,"href":"https:\/\/www.hidrauservice.com.br\/index.php\/wp-json\/wp\/v2\/media\/2070"}],"wp:attachment":[{"href":"https:\/\/www.hidrauservice.com.br\/index.php\/wp-json\/wp\/v2\/media?parent=2068"}],"wp:term":[{"taxonomy":"product_brand","embeddable":true,"href":"https:\/\/www.hidrauservice.com.br\/index.php\/wp-json\/wp\/v2\/product_brand?post=2068"},{"taxonomy":"product_cat","embeddable":true,"href":"https:\/\/www.hidrauservice.com.br\/index.php\/wp-json\/wp\/v2\/product_cat?post=2068"},{"taxonomy":"product_tag","embeddable":true,"href":"https:\/\/www.hidrauservice.com.br\/index.php\/wp-json\/wp\/v2\/product_tag?post=2068"}],"curies":[{"name":"wp","href":"https:\/\/api.w.org\/{rel}","templated":true}]}}