{"id":2051,"date":"2024-01-30T14:40:33","date_gmt":"2024-01-30T17:40:33","guid":{"rendered":"https:\/\/hidrauservice.com.br\/?post_type=product&#038;p=2051"},"modified":"2024-03-25T16:53:04","modified_gmt":"2024-03-25T19:53:04","slug":"ponta-para-hidrostatica-12-estrias","status":"publish","type":"product","link":"https:\/\/www.hidrauservice.com.br\/index.php\/produto\/ponta-para-hidrostatica-12-estrias\/","title":{"rendered":"Ponta para Hidrost\u00e1tica 12 Estrias"},"content":{"rendered":"<table style=\"height: 197px;\" width=\"632\">\n<tbody>\n<tr>\n<td style=\"text-align: center;\" width=\"64\">REF.<\/td>\n<td style=\"text-align: center;\" width=\"64\">Descri\u00e7\u00e3o<\/td>\n<td style=\"text-align: center;\" width=\"64\">C\u00f3digo<\/td>\n<\/tr>\n<tr>\n<td style=\"text-align: center;\">HIDR\/1<\/td>\n<td style=\"text-align: center;\">Ponta para hidrost\u00e1tica 12 estrias X 108 MM<\/td>\n<td style=\"text-align: center;\">6021800032<\/td>\n<\/tr>\n<tr>\n<td style=\"text-align: center;\">HIDR\/3<\/td>\n<td style=\"text-align: center;\">Ponta para hidrost\u00e1tica 12 estrias X 138 MM<\/td>\n<td style=\"text-align: center;\">6021800038<\/td>\n<\/tr>\n<\/tbody>\n<\/table>\n","protected":false},"excerpt":{"rendered":"<p>REF. Descri\u00e7\u00e3o C\u00f3digo HIDR\/1 Ponta para hidrost\u00e1tica 12 estrias X 108 MM 6021800032 HIDR\/3 Ponta para hidrost\u00e1tica 12 estrias X 138 MM 6021800038<\/p>\n","protected":false},"featured_media":2823,"comment_status":"open","ping_status":"closed","template":"","meta":[],"product_brand":[],"product_cat":[53,54],"product_tag":[],"class_list":{"0":"post-2051","1":"product","2":"type-product","3":"status-publish","4":"has-post-thumbnail","6":"product_cat-luvasepontasent","7":"product_cat-produtos","9":"first","10":"instock","11":"shipping-taxable","12":"product-type-simple"},"_links":{"self":[{"href":"https:\/\/www.hidrauservice.com.br\/index.php\/wp-json\/wp\/v2\/product\/2051","targetHints":{"allow":["GET"]}}],"collection":[{"href":"https:\/\/www.hidrauservice.com.br\/index.php\/wp-json\/wp\/v2\/product"}],"about":[{"href":"https:\/\/www.hidrauservice.com.br\/index.php\/wp-json\/wp\/v2\/types\/product"}],"replies":[{"embeddable":true,"href":"https:\/\/www.hidrauservice.com.br\/index.php\/wp-json\/wp\/v2\/comments?post=2051"}],"wp:featuredmedia":[{"embeddable":true,"href":"https:\/\/www.hidrauservice.com.br\/index.php\/wp-json\/wp\/v2\/media\/2823"}],"wp:attachment":[{"href":"https:\/\/www.hidrauservice.com.br\/index.php\/wp-json\/wp\/v2\/media?parent=2051"}],"wp:term":[{"taxonomy":"product_brand","embeddable":true,"href":"https:\/\/www.hidrauservice.com.br\/index.php\/wp-json\/wp\/v2\/product_brand?post=2051"},{"taxonomy":"product_cat","embeddable":true,"href":"https:\/\/www.hidrauservice.com.br\/index.php\/wp-json\/wp\/v2\/product_cat?post=2051"},{"taxonomy":"product_tag","embeddable":true,"href":"https:\/\/www.hidrauservice.com.br\/index.php\/wp-json\/wp\/v2\/product_tag?post=2051"}],"curies":[{"name":"wp","href":"https:\/\/api.w.org\/{rel}","templated":true}]}}