{"id":1996,"date":"2024-01-30T10:59:27","date_gmt":"2024-01-30T13:59:27","guid":{"rendered":"https:\/\/hidrauservice.com.br\/?post_type=product&#038;p=1996"},"modified":"2024-04-22T21:26:36","modified_gmt":"2024-04-23T00:26:36","slug":"engate-rapido-hidraulico-1","status":"publish","type":"product","link":"https:\/\/www.hidrauservice.com.br\/index.php\/produto\/engate-rapido-hidraulico-1\/","title":{"rendered":"Engate R\u00e1pido Hidr\u00e1ulico 1\u2033"},"content":{"rendered":"<table style=\"height: 93px;\" width=\"759\">\n<tbody>\n<tr>\n<td style=\"text-align: center;\" width=\"64\">REF.<\/td>\n<td style=\"text-align: center;\" width=\"128\">Descri\u00e7\u00e3o<\/td>\n<td style=\"text-align: center;\" width=\"84\">C\u00f3digo<\/td>\n<\/tr>\n<tr>\n<td style=\"text-align: center;\">001041<\/td>\n<td style=\"text-align: center;\">Jun\u00e7\u00e3o agr\u00edcola 1&#215;1 NPT Completo<\/td>\n<td style=\"text-align: center;\">6010100034<\/td>\n<\/tr>\n<tr>\n<td style=\"text-align: center;\">001041\/1<\/td>\n<td style=\"text-align: center;\">Jun\u00e7\u00e3o agr\u00edcola 1&#215;1 3\/4 NPT Completo<\/td>\n<td style=\"text-align: center;\">6010100035<\/td>\n<\/tr>\n<tr>\n<td style=\"text-align: center;\">001041\/2<\/td>\n<td style=\"text-align: center;\">Jun\u00e7\u00e3o agr\u00edcola 1&#215;1 BSP Completo<\/td>\n<td style=\"text-align: center;\">6010100057<\/td>\n<\/tr>\n<tr>\n<td style=\"text-align: center;\">001041\/3<\/td>\n<td style=\"text-align: center;\">Jun\u00e7\u00e3o agr\u00edcola 1&#215;1 3\/4 BSP Completo<\/td>\n<td style=\"text-align: center;\">6010100068<\/td>\n<\/tr>\n<\/tbody>\n<\/table>\n<p>&nbsp;<\/p>\n<table style=\"height: 93px;\" width=\"759\">\n<tbody>\n<tr>\n<td style=\"text-align: center;\" width=\"64\">REF.<\/td>\n<td style=\"text-align: center;\" width=\"128\">Descri\u00e7\u00e3o<\/td>\n<td style=\"text-align: center;\" width=\"84\">C\u00f3digo<\/td>\n<\/tr>\n<tr>\n<td style=\"text-align: center;\">001042<\/td>\n<td style=\"text-align: center;\">Jun\u00e7\u00e3o agr\u00edcola f\u00eamea 1 x 1&#8243; NPT<\/td>\n<td style=\"text-align: center;\">6010100036<\/td>\n<\/tr>\n<tr>\n<td style=\"text-align: center;\">001042\/1<\/td>\n<td style=\"text-align: center;\">Jun\u00e7\u00e3o agr\u00edcola f\u00eamea 1 x 3\/4&#8243; NPT<\/td>\n<td style=\"text-align: center;\">6010100037<\/td>\n<\/tr>\n<tr>\n<td style=\"text-align: center;\">001042\/2<\/td>\n<td style=\"text-align: center;\">Jun\u00e7\u00e3o agr\u00edcola f\u00eamea 1 x 1&#8243; BSP<\/td>\n<td style=\"text-align: center;\">6010100063<\/td>\n<\/tr>\n<tr>\n<td style=\"text-align: center;\">001042\/3<\/td>\n<td style=\"text-align: center;\">Jun\u00e7\u00e3o agr\u00edcola f\u00eamea 1 x 3\/4&#8243; BSP<\/td>\n<td style=\"text-align: center;\">6010100069<\/td>\n<\/tr>\n<\/tbody>\n<\/table>\n<p>&nbsp;<\/p>\n<table style=\"height: 93px;\" width=\"759\">\n<tbody>\n<tr>\n<td style=\"text-align: center;\" width=\"64\">REF.<\/td>\n<td style=\"text-align: center;\" width=\"128\">Descri\u00e7\u00e3o<\/td>\n<td style=\"text-align: center;\" width=\"84\">C\u00f3digo<\/td>\n<\/tr>\n<tr>\n<td style=\"text-align: center;\">001043<\/td>\n<td style=\"text-align: center;\">Jun\u00e7\u00e3o agr\u00edcola macho 1 x 1&#8243; NPT<\/td>\n<td style=\"text-align: center;\">6010100038<\/td>\n<\/tr>\n<tr>\n<td style=\"text-align: center;\">001043\/1<\/td>\n<td style=\"text-align: center;\">Jun\u00e7\u00e3o agr\u00edcola macho 1 x 3\/4&#8243; NPT<\/td>\n<td style=\"text-align: center;\">6010100039<\/td>\n<\/tr>\n<tr>\n<td style=\"text-align: center;\">001043\/2<\/td>\n<td style=\"text-align: center;\">Jun\u00e7\u00e3o agr\u00edcola macho 1 x 1&#8243; BSP<\/td>\n<td style=\"text-align: center;\">6010100059<\/td>\n<\/tr>\n<tr>\n<td style=\"text-align: center;\">001043\/3<\/td>\n<td style=\"text-align: center;\">Jun\u00e7\u00e3o agr\u00edcola macho 1 x 3\/4&#8243; BSP<\/td>\n<td style=\"text-align: center;\">6010100091<\/td>\n<\/tr>\n<\/tbody>\n<\/table>\n","protected":false},"excerpt":{"rendered":"<p>Engate R\u00e1pido Hidr\u00e1ulico 1\u2033 dispon\u00edvel nas roscas 3\/4\u2033 BSP, 3\/4\u2033 NPT, 1\u2033 BSP ou 1\u2033 NPT. Conex\u00e3o e desconex\u00e3o por meio de retra\u00e7\u00e3o da capa, com acabamento superficial em Zinco Trivalente, Travamento por esferas de de a\u00e7o polida, An\u00e9is anti-extrus\u00e3o em PTFE e Veda\u00e7\u00e3o em NBR (Borracha Nitr\u00edlica).<\/p>\n<p>&nbsp;<\/p>\n<ul>\n<li>Press\u00e3o de Trabalho 250 Bar;<\/li>\n<li>Temperatura de trabalho: -25\u00b0C \u00e0 +100\u00b0C;<\/li>\n<li>Vaz\u00e3o \u00b1 190 (l\/min);<\/li>\n<li>Norma ISO 7241-1 serie \u201cA\u201d.<\/li>\n<\/ul>\n<p>&nbsp;<\/p>\n","protected":false},"featured_media":1998,"comment_status":"open","ping_status":"closed","template":"","meta":[],"product_brand":[],"product_cat":[49,54],"product_tag":[],"class_list":{"0":"post-1996","1":"product","2":"type-product","3":"status-publish","4":"has-post-thumbnail","6":"product_cat-engatesrapido","7":"product_cat-produtos","9":"first","10":"instock","11":"shipping-taxable","12":"product-type-simple"},"_links":{"self":[{"href":"https:\/\/www.hidrauservice.com.br\/index.php\/wp-json\/wp\/v2\/product\/1996","targetHints":{"allow":["GET"]}}],"collection":[{"href":"https:\/\/www.hidrauservice.com.br\/index.php\/wp-json\/wp\/v2\/product"}],"about":[{"href":"https:\/\/www.hidrauservice.com.br\/index.php\/wp-json\/wp\/v2\/types\/product"}],"replies":[{"embeddable":true,"href":"https:\/\/www.hidrauservice.com.br\/index.php\/wp-json\/wp\/v2\/comments?post=1996"}],"wp:featuredmedia":[{"embeddable":true,"href":"https:\/\/www.hidrauservice.com.br\/index.php\/wp-json\/wp\/v2\/media\/1998"}],"wp:attachment":[{"href":"https:\/\/www.hidrauservice.com.br\/index.php\/wp-json\/wp\/v2\/media?parent=1996"}],"wp:term":[{"taxonomy":"product_brand","embeddable":true,"href":"https:\/\/www.hidrauservice.com.br\/index.php\/wp-json\/wp\/v2\/product_brand?post=1996"},{"taxonomy":"product_cat","embeddable":true,"href":"https:\/\/www.hidrauservice.com.br\/index.php\/wp-json\/wp\/v2\/product_cat?post=1996"},{"taxonomy":"product_tag","embeddable":true,"href":"https:\/\/www.hidrauservice.com.br\/index.php\/wp-json\/wp\/v2\/product_tag?post=1996"}],"curies":[{"name":"wp","href":"https:\/\/api.w.org\/{rel}","templated":true}]}}