{"id":1526,"date":"2024-01-18T15:43:04","date_gmt":"2024-01-18T18:43:04","guid":{"rendered":"https:\/\/hidrauservice.com.br\/?post_type=product&#038;p=1526"},"modified":"2024-04-22T21:35:26","modified_gmt":"2024-04-23T00:35:26","slug":"engate-rapido-1-2-agricola","status":"publish","type":"product","link":"https:\/\/www.hidrauservice.com.br\/index.php\/produto\/engate-rapido-1-2-agricola\/","title":{"rendered":"Engate R\u00e1pido Hidr\u00e1ulico 1\/2\u2033 \u2013 Agr\u00edcola"},"content":{"rendered":"<table style=\"height: 93px;\" width=\"759\">\n<tbody>\n<tr>\n<td style=\"text-align: center;\" width=\"64\">REF.<\/td>\n<td style=\"text-align: center;\" width=\"64\">Descri\u00e7\u00e3o<\/td>\n<td style=\"text-align: center;\" width=\"84\">C\u00f3digo<\/td>\n<\/tr>\n<tr>\n<td style=\"text-align: center;\">001090<\/td>\n<td style=\"text-align: center;\">Jun\u00e7\u00e3o agr\u00edcola ADV M22 MF\/JD\/NH Completo<\/td>\n<td style=\"text-align: center;\">6010100048<\/td>\n<\/tr>\n<tr>\n<td style=\"text-align: center;\">001091<\/td>\n<td style=\"text-align: center;\">Jun\u00e7\u00e3o agr\u00edcola ADV 3\/4\u00a0 Completo<\/td>\n<td style=\"text-align: center;\">6010100031<\/td>\n<\/tr>\n<tr>\n<td style=\"text-align: center;\">001091\/1<\/td>\n<td style=\"text-align: center;\">Jun\u00e7\u00e3o agr\u00edcola ADV 1.1\/1.6 Completo<\/td>\n<td style=\"text-align: center;\">6010100040<\/td>\n<\/tr>\n<tr>\n<td style=\"text-align: center;\">001091\/2<\/td>\n<td style=\"text-align: center;\">Jun\u00e7\u00e3o agr\u00edcola ADV 7\/8 Completo<\/td>\n<td style=\"text-align: center;\">6010100033<\/td>\n<\/tr>\n<\/tbody>\n<\/table>\n<p>&nbsp;<\/p>\n<table style=\"height: 93px;\" width=\"759\">\n<tbody>\n<tr>\n<td style=\"text-align: center;\" width=\"64\">REF.<\/td>\n<td style=\"text-align: center;\" width=\"128\">Modelo<\/td>\n<td style=\"text-align: center;\" width=\"64\">C\u00f3digo<\/td>\n<\/tr>\n<tr>\n<td style=\"text-align: center;\" width=\"64\">001090<\/td>\n<td style=\"text-align: center;\" width=\"128\">CASE<\/td>\n<td style=\"text-align: center;\" width=\"64\">5152194<\/td>\n<\/tr>\n<tr>\n<td style=\"text-align: center;\" width=\"64\">001091<\/td>\n<td style=\"text-align: center;\" width=\"128\">Valtra 3\/4<\/td>\n<td style=\"text-align: center;\" width=\"64\">81726300<\/td>\n<\/tr>\n<tr>\n<td style=\"text-align: center;\" width=\"64\">001091\/1<\/td>\n<td style=\"text-align: center;\" width=\"128\">Valtra 1.1\/16<\/td>\n<td style=\"text-align: center;\" width=\"64\">84158700<\/td>\n<\/tr>\n<tr>\n<td style=\"text-align: center;\" width=\"64\">001091\/2<\/td>\n<td style=\"text-align: center;\" width=\"128\">Valtra 7\/8<\/td>\n<td style=\"text-align: center;\" width=\"64\">84958400<\/td>\n<\/tr>\n<tr>\n<td style=\"text-align: center;\">001093<\/td>\n<td style=\"text-align: center;\">John Deere<\/td>\n<td style=\"text-align: center;\">AL112951 Al166181<\/td>\n<\/tr>\n<tr>\n<td style=\"text-align: center;\" width=\"64\">001092<\/td>\n<td style=\"text-align: center;\">New Holland<\/td>\n<td style=\"text-align: center;\" width=\"64\">5190882 87381944<\/td>\n<\/tr>\n<\/tbody>\n<\/table>\n<p>&nbsp;<\/p>\n<table style=\"height: 185px;\" width=\"757\">\n<tbody>\n<tr>\n<td style=\"text-align: center;\" width=\"64\">REF.<\/td>\n<td style=\"text-align: center;\" width=\"64\">Descri\u00e7\u00e3o<\/td>\n<td style=\"text-align: center;\" width=\"64\">C\u00f3digo<\/td>\n<\/tr>\n<tr>\n<td style=\"text-align: center;\">001092\/2<\/td>\n<td style=\"text-align: center;\">Jun\u00e7\u00e3o agr\u00edcola ADV rosca int. 1\/2 NPT completo<\/td>\n<td style=\"text-align: center;\">6010100007<\/td>\n<\/tr>\n<tr>\n<td style=\"text-align: center;\">001092\/3<\/td>\n<td style=\"text-align: center;\">Jun\u00e7\u00e3o agr\u00edcola ADV rosca int. M22 completo<\/td>\n<td style=\"text-align: center;\">6010100045<\/td>\n<\/tr>\n<\/tbody>\n<\/table>\n<p>&nbsp;<\/p>\n<table style=\"height: 195px;\" width=\"757\">\n<tbody>\n<tr>\n<td style=\"text-align: center;\" width=\"64\">REF.<\/td>\n<td style=\"text-align: center;\" width=\"64\">Modelo<\/td>\n<td style=\"text-align: center;\" width=\"64\">C\u00f3digo<\/td>\n<\/tr>\n<tr>\n<td style=\"text-align: center;\">001092\/2<\/td>\n<td style=\"text-align: center;\">CASE<\/td>\n<td style=\"text-align: center;\">50938534<\/td>\n<\/tr>\n<tr>\n<td style=\"text-align: center;\">001092\/2<\/td>\n<td style=\"text-align: center;\">New Holland<\/td>\n<td style=\"text-align: center;\">82991844<\/td>\n<\/tr>\n<\/tbody>\n<\/table>\n<p>&nbsp;<\/p>\n","protected":false},"excerpt":{"rendered":"<p>Engate R\u00e1pido Hidr\u00e1ulico 1\/2\u2033 da s\u00e9rie Agr\u00edcola dispon\u00edvel nas roscas 1\/2\u2033 NPT, 3\/4\u2033 UNF, M22x1.5mm, 7\/8\u2033 UNF e 1.1\/16 UN. Conex\u00e3o empurrando o engate macho sob press\u00e3o, Desconex\u00e3o por meio de retra\u00e7\u00e3o da capa, com acabamento superficial em Zinco Trivalente, Travamento por esferas de de a\u00e7o polida, An\u00e9is anti-extrus\u00e3o em PTFE e Veda\u00e7\u00e3o em NBR (Borracha Nitr\u00edlica).<\/p>\n<p>&nbsp;<\/p>\n<ul>\n<li>Press\u00e3o de Trabalho 250 Bar;<\/li>\n<li>Temperatura de trabalho: -25\u00b0C \u00e0 +100\u00b0C;<\/li>\n<li>Vaz\u00e3o \u00b1 60 (l\/min);<\/li>\n<li>Norma ISO 7241-1 serie \u201cA\u201d<\/li>\n<\/ul>\n<p>&nbsp;<\/p>\n","protected":false},"featured_media":1991,"comment_status":"open","ping_status":"closed","template":"","meta":[],"product_brand":[],"product_cat":[49,54],"product_tag":[],"class_list":{"0":"post-1526","1":"product","2":"type-product","3":"status-publish","4":"has-post-thumbnail","6":"product_cat-engatesrapido","7":"product_cat-produtos","9":"first","10":"instock","11":"shipping-taxable","12":"product-type-simple"},"_links":{"self":[{"href":"https:\/\/www.hidrauservice.com.br\/index.php\/wp-json\/wp\/v2\/product\/1526","targetHints":{"allow":["GET"]}}],"collection":[{"href":"https:\/\/www.hidrauservice.com.br\/index.php\/wp-json\/wp\/v2\/product"}],"about":[{"href":"https:\/\/www.hidrauservice.com.br\/index.php\/wp-json\/wp\/v2\/types\/product"}],"replies":[{"embeddable":true,"href":"https:\/\/www.hidrauservice.com.br\/index.php\/wp-json\/wp\/v2\/comments?post=1526"}],"wp:featuredmedia":[{"embeddable":true,"href":"https:\/\/www.hidrauservice.com.br\/index.php\/wp-json\/wp\/v2\/media\/1991"}],"wp:attachment":[{"href":"https:\/\/www.hidrauservice.com.br\/index.php\/wp-json\/wp\/v2\/media?parent=1526"}],"wp:term":[{"taxonomy":"product_brand","embeddable":true,"href":"https:\/\/www.hidrauservice.com.br\/index.php\/wp-json\/wp\/v2\/product_brand?post=1526"},{"taxonomy":"product_cat","embeddable":true,"href":"https:\/\/www.hidrauservice.com.br\/index.php\/wp-json\/wp\/v2\/product_cat?post=1526"},{"taxonomy":"product_tag","embeddable":true,"href":"https:\/\/www.hidrauservice.com.br\/index.php\/wp-json\/wp\/v2\/product_tag?post=1526"}],"curies":[{"name":"wp","href":"https:\/\/api.w.org\/{rel}","templated":true}]}}